{"id":86,"date":"2024-10-05T11:43:15","date_gmt":"2024-10-05T09:43:15","guid":{"rendered":"https:\/\/jankozibski-przewozy.pl\/?page_id=86"},"modified":"2024-10-22T20:31:02","modified_gmt":"2024-10-22T18:31:02","slug":"kontakt","status":"publish","type":"page","link":"https:\/\/jankozibski-przewozy.pl\/?page_id=86","title":{"rendered":"Kontakt"},"content":{"rendered":"\n<div class=\"wp-block-buttons is-layout-flex wp-block-buttons-is-layout-flex\">\n<div class=\"wp-block-button\"><a class=\"wp-block-button__link wp-element-button\" href=\"https:\/\/jankozibski-przewozy.pl\">Powr\u00f3t<\/a><\/div>\n<\/div>\n\n\n\n<h4 class=\"wp-block-heading\">Wszystkie dane kontaktowe znajduj\u0105 si\u0119 poni\u017cej!<\/h4>\n","protected":false},"excerpt":{"rendered":"<p>Wszystkie dane kontaktowe znajduj\u0105 si\u0119 poni\u017cej!<\/p>\n","protected":false},"author":1,"featured_media":0,"parent":0,"menu_order":0,"comment_status":"closed","ping_status":"closed","template":"","meta":{"footnotes":""},"class_list":["post-86","page","type-page","status-publish","hentry"],"jetpack_sharing_enabled":true,"_links":{"self":[{"href":"https:\/\/jankozibski-przewozy.pl\/index.php?rest_route=\/wp\/v2\/pages\/86"}],"collection":[{"href":"https:\/\/jankozibski-przewozy.pl\/index.php?rest_route=\/wp\/v2\/pages"}],"about":[{"href":"https:\/\/jankozibski-przewozy.pl\/index.php?rest_route=\/wp\/v2\/types\/page"}],"author":[{"embeddable":true,"href":"https:\/\/jankozibski-przewozy.pl\/index.php?rest_route=\/wp\/v2\/users\/1"}],"replies":[{"embeddable":true,"href":"https:\/\/jankozibski-przewozy.pl\/index.php?rest_route=%2Fwp%2Fv2%2Fcomments&post=86"}],"version-history":[{"count":5,"href":"https:\/\/jankozibski-przewozy.pl\/index.php?rest_route=\/wp\/v2\/pages\/86\/revisions"}],"predecessor-version":[{"id":116,"href":"https:\/\/jankozibski-przewozy.pl\/index.php?rest_route=\/wp\/v2\/pages\/86\/revisions\/116"}],"wp:attachment":[{"href":"https:\/\/jankozibski-przewozy.pl\/index.php?rest_route=%2Fwp%2Fv2%2Fmedia&parent=86"}],"curies":[{"name":"wp","href":"https:\/\/api.w.org\/{rel}","templated":true}]}}